{"id":7,"date":"2022-01-29T10:22:46","date_gmt":"2022-01-29T09:22:46","guid":{"rendered":"http:\/\/d-mark-industrieservice.com\/mesmerize\/"},"modified":"2022-05-09T08:45:12","modified_gmt":"2022-05-09T06:45:12","slug":"mesmerize","status":"publish","type":"page","link":"https:\/\/d-mark-industrieservice.com\/ro\/","title":{"rendered":"pagina principala"},"content":{"rendered":"<div  id=\"overlappable-4\" style=\"background-color: #ffffff;\" data-label=\"Overlappable\" data-id=\"overlappable-4\" data-export-id=\"overlappable-4\" data-category=\"overlappable\" class=\"overlappable-4 content-section content-section-spacing\" data-overlap=\"true\"><div  class=\"gridContainer\"> <div  data-type=\"row\" class=\"row spaced-cols text-center\"><div  class=\"col-xs-12 col-sm-4 col-padding\"> <i  class=\"fa icon shadow-large-black aligncenter color1 fa-smile-o reverse round large\"><\/i> <div  data-type=\"column\" class=\"\"> <h5  class=\"\">Satisfac\u0163ie<\/h5> <p  class=\"\">Scopul principal al muncii noastre este satisfac\u021bia clien\u021bilor no\u0219tri. Acesta este totul \u0219i sf\u00e2r\u0219itul pentru noi!<\/p><\/div> <\/div> <div  class=\"col-xs-12 col-sm-4 col-padding\"> <i  class=\"fa icon shadow-large-black aligncenter color1 fa-calendar-check-o reverse round large\"><\/i> <div  data-type=\"column\" class=\"\"><h5  class=\"\">Lucru la timp<\/h5> <p  class=\"\">Ne str\u0103duim \u00eentotdeauna s\u0103 v\u0103 \u00eendeplinim solicitarea \u0219i proiectul la timp. Este important pentru noi s\u0103 nu punem grija pe locul doi!<\/p><\/div> <\/div> <div  class=\"col-xs-12 col-sm-4 col-padding\"> <i  class=\"fa icon shadow-large-black aligncenter color1 fa-users reverse round large\"><\/i> <div  data-type=\"column\" class=\"\"><h5  class=\"\">Echipa noastr\u0103<\/h5> <p  class=\"\">Datorit\u0103 multor ani de experien\u021b\u0103, echipa noastr\u0103 con\u0219tiincioas\u0103 garanteaz\u0103 execu\u021bia profesional\u0103 \u0219i ordonat\u0103 a proiectelor dumneavoastr\u0103.<\/p><\/div> <\/div><\/div> <\/div><\/div><div  data-label=\"Testimonials\" data-id=\"testimonials--1\" data-export-id=\"testimonials-1\" data-category=\"testimonials\" class=\"testimonials-1 content-section content-section-spacing\" id=\"testimonials-1\" style=\"background-color: rgb(245, 250, 253);\"><div  class=\"gridContainer\"> <div  class=\"row\"><div  data-type=\"column\" class=\"section-title-col\"> <h2  class=\"\">Referin\u021bele noastre<\/h2> <p  class=\"lead\">Lucr\u0103m cu firme cunoscute!<\/p><\/div> <\/div> <div  class=\"row spaced-cols content-center-sm\" data-type=\"row\">  <div  class=\"col-xs-12 col-sm-6 col-md-4\">  <a data-cp-link=\"1\" href=\"https:\/\/arens-rohrleitungsbau.de\" class=\"\" target=\"_self\" rel=\"noopener\"><img decoding=\"async\"  src=\"https:\/\/d-mark-industrieservice.com\/wp-content\/uploads\/2022\/02\/cropped-cropped-Download-1.png\" class=\"round icon\" title=\"cropped-Download.png\" alt=\"\"><\/a> <h5  class=\"\">Arens Rohrleitungsbau GmbH &amp; Co. KG<\/h5> <\/div> <div  class=\"col-xs-12 col-sm-6 col-md-4\">  <a data-cp-link=\"1\" href=\"https:\/\/www.weber-unternehmensgruppe.com\/geschaeftsfelder\/rohrleitungsbau\" class=\"\" target=\"_self\" rel=\"noopener\"><img decoding=\"async\"  src=\"https:\/\/d-mark-industrieservice.com\/wp-content\/uploads\/2022\/05\/cropped-cropped-Download.jpg\" class=\"round icon\" title=\"cropped-Download-1.png\" alt=\"\"><\/a> <h5  class=\"\">BWS-Dienstleistung GmbH<\/h5> <\/div> <div  class=\"col-xs-12 col-sm-6 col-md-4\">  <a data-cp-link=\"1\" href=\"http:\/\/www.coskun-gmbh-herten.de\/de\" class=\"\" target=\"_self\" rel=\"noopener\"><img decoding=\"async\"  src=\"https:\/\/d-mark-industrieservice.com\/wp-content\/uploads\/2022\/02\/cropped-cropped-cropped-Download.png\" class=\"round icon\" title=\"cropped-Download.png\" alt=\"\"><\/a> <h5  class=\"\">Weber Industrieller Rohrleitungsbau &amp; Anlagenbau GmbH &amp; Co. KG<\/h5> <\/div><div  class=\"col-xs-12 col-sm-6 col-md-4\">  <a data-cp-link=\"1\" href=\"https:\/\/arens-rohrleitungsbau.de\" class=\"\" target=\"_self\" rel=\"noopener\"><img decoding=\"async\"  src=\"https:\/\/d-mark-industrieservice.com\/wp-content\/uploads\/2022\/02\/cropped-cropped-861a98d4481fbc784daba791acc1e048.jpg\" class=\"round icon\" title=\"cropped-Download.png\" alt=\"\"><\/a> <h5  class=\"\">Coskun GmbH<\/h5> <\/div><\/div><\/div> <\/div>","protected":false},"excerpt":{"rendered":"<p>Zufriedenheit Hauptziel unserer Arbeit ist die Zufriedenheit unserer Kunden. Dies ist f\u00fcr uns das A und O! Termingerechtes Arbeiten Wir sind stets bem\u00fcht Ihr Anliegen und Ihr Projekt termingerecht zu erledigen. Dabei ist uns wichtig, die Sorgfalt nicht an zweiter Stelle zu stellen! Unser Team Unser gewissenhaftes Team bietet durch die langj\u00e4hrige Erfahrung die Gew\u00e4hr&hellip; <br \/> <a class=\"read-more\" href=\"https:\/\/d-mark-industrieservice.com\/ro\/\">Cite\u0219te mai mult<\/a><\/p>","protected":false},"author":1,"featured_media":0,"parent":0,"menu_order":0,"comment_status":"closed","ping_status":"closed","template":"page-templates\/homepage.php","meta":{"footnotes":""},"class_list":["post-7","page","type-page","status-publish","hentry"],"_links":{"self":[{"href":"https:\/\/d-mark-industrieservice.com\/ro\/wp-json\/wp\/v2\/pages\/7","targetHints":{"allow":["GET"]}}],"collection":[{"href":"https:\/\/d-mark-industrieservice.com\/ro\/wp-json\/wp\/v2\/pages"}],"about":[{"href":"https:\/\/d-mark-industrieservice.com\/ro\/wp-json\/wp\/v2\/types\/page"}],"author":[{"embeddable":true,"href":"https:\/\/d-mark-industrieservice.com\/ro\/wp-json\/wp\/v2\/users\/1"}],"replies":[{"embeddable":true,"href":"https:\/\/d-mark-industrieservice.com\/ro\/wp-json\/wp\/v2\/comments?post=7"}],"version-history":[{"count":7,"href":"https:\/\/d-mark-industrieservice.com\/ro\/wp-json\/wp\/v2\/pages\/7\/revisions"}],"predecessor-version":[{"id":214,"href":"https:\/\/d-mark-industrieservice.com\/ro\/wp-json\/wp\/v2\/pages\/7\/revisions\/214"}],"wp:attachment":[{"href":"https:\/\/d-mark-industrieservice.com\/ro\/wp-json\/wp\/v2\/media?parent=7"}],"curies":[{"name":"wp","href":"https:\/\/api.w.org\/{rel}","templated":true}]}}